{"id":485,"date":"2025-06-14T20:00:47","date_gmt":"2025-06-14T20:00:47","guid":{"rendered":"https:\/\/pulsecoding.si\/gym\/?page_id=485"},"modified":"2025-09-24T08:28:18","modified_gmt":"2025-09-24T08:28:18","slug":"kupi-karto","status":"publish","type":"page","link":"https:\/\/garazagym.com\/en\/kupi-karto\/","title":{"rendered":"Kupi karto"},"content":{"rendered":"<div data-elementor-type=\"wp-page\" data-elementor-id=\"485\" class=\"elementor elementor-485\" data-elementor-post-type=\"page\">\n\t\t\t\t<div class=\"elementor-element elementor-element-14e6aba e-flex e-con-boxed e-con e-parent\" data-id=\"14e6aba\" data-element_type=\"container\">\n\t\t\t\t\t<div class=\"e-con-inner\">\n\t\t\t\t<div class=\"elementor-element elementor-element-10ef038 elementor-widget__width-inherit fluent-form-widget-step-header-yes fluent-form-widget-step-progressbar-yes fluentform-widget-submit-button-custom elementor-widget elementor-widget-fluent-form-widget\" data-id=\"10ef038\" data-element_type=\"widget\" data-widget_type=\"fluent-form-widget.default\">\n\t\t\t\t<div class=\"elementor-widget-container\">\n\t\t\t\t\t<style>.elementor-element-10ef038{display:none !important}<\/style>\t\t\t\t<\/div>\n\t\t\t\t<\/div>\n\t\t\t\t<div class=\"elementor-element elementor-element-41f1cad elementor-widget__width-inherit fluent-form-widget-step-header-yes fluent-form-widget-step-progressbar-yes fluentform-widget-submit-button-custom elementor-widget elementor-widget-fluent-form-widget\" data-id=\"41f1cad\" data-element_type=\"widget\" data-widget_type=\"fluent-form-widget.default\">\n\t\t\t\t<div class=\"elementor-widget-container\">\n\t\t\t\t\t\n            <div class=\"fluentform-widget-wrapper fluentform-widget-align-center\">\n\n            \n            <div class='fluentform ff-default fluentform_wrapper_7 ffs_modern_l_wrap'><form data-form_id=\"7\" id=\"fluentform_7\" class=\"frm-fluent-form fluent_form_7 ff-el-form-top ff_form_instance_7_2 ff-form-loading ff-form-has-steps ffs_modern_l\" data-form_instance=\"ff_form_instance_7_2\" method=\"POST\" action=\"\" ><fieldset  style=\"border: none!important;margin: 0!important;padding: 0!important;background-color: transparent!important;box-shadow: none!important;outline: none!important; min-inline-size: 100%;\">\n                    <legend class=\"ff_screen_reader_title\" style=\"display: block; margin: 0!important;padding: 0!important;height: 0!important;text-indent: -999999px;width: 0!important;overflow:hidden;\">Kupi karto EN<\/legend><input type='hidden' name='__fluent_form_embded_post_id' value='485' \/><input type=\"hidden\" id=\"_fluentform_7_fluentformnonce\" name=\"_fluentform_7_fluentformnonce\" value=\"cde9787a43\" \/><input type=\"hidden\" name=\"_wp_http_referer\" value=\"\/en\/wp-json\/wp\/v2\/pages\/485\" \/><div class='ff-step-container' data-name=\"step_start-7_9\" data-disable_auto_focus=\"no\" data-enable_auto_slider=\"yes\" data-enable_step_data_persistency=\"no\" data-enable_step_page_resume=\"no\" data-animation_type=\"fade\" ><span class='ff_step_start'><\/span><div class='ff-step-body'><div class=\"fluentform-step active\" data-name=\"step_start-7_9\" data-disable_auto_focus=\"no\" data-enable_auto_slider=\"yes\" data-enable_step_data_persistency=\"no\" data-enable_step_page_resume=\"no\" data-animation_type=\"fade\" ><div class='ff-el-group ff-el-form-hide_label mesecnipaketi ff_list_2col'><div class=\"ff-el-input--label asterisk-right\"><label  aria-label=\"Radio Field\">Radio Field<\/label><\/div><div class='ff-el-input--content'><div class=\"ff_el_checkable_photo_holders\"><div class='ff-el-form-check ff-el-form-check- ff-el-image-holder'><label style='background-image: url(https:\/\/garazagym.com\/wp-content\/uploads\/2025\/09\/already_a_member.png)' class='ff-el-image-input-src' for='input_radio_dc74da008def0d4dbae69555e40618fd' aria-label='Sem \u017ee \u010dlan\/ica'><\/label><label class='ff-el-form-check-label' for=\"input_radio_dc74da008def0d4dbae69555e40618fd\"><input  type=\"radio\" name=\"input_radio\" data-name=\"input_radio\" class=\"ff-el-form-check-input ff-el-form-check-radio\" value=\"Sem \u017ee \u010dlan\/ica\"  id='input_radio_dc74da008def0d4dbae69555e40618fd' aria-label='Sem \u017ee \u010dlan\/ica' aria-invalid='false' aria-required=\"false\"> <span>Sem \u017ee \u010dlan\/ica<\/span><\/label><\/div><div class='ff-el-form-check ff-el-form-check- ff-el-image-holder'><label style='background-image: url(https:\/\/garazagym.com\/wp-content\/uploads\/2025\/09\/buying_a_ticket_for_first_time.png)' class='ff-el-image-input-src' for='input_radio_4761c413d7dc1af6d2eedbcb0648f02d' aria-label='Prvi\u010d kupujem karto'><\/label><label class='ff-el-form-check-label' for=\"input_radio_4761c413d7dc1af6d2eedbcb0648f02d\"><input  type=\"radio\" name=\"input_radio\" data-name=\"input_radio\" class=\"ff-el-form-check-input ff-el-form-check-radio\" value=\"Prvi\u010d kupujem karto\"  id='input_radio_4761c413d7dc1af6d2eedbcb0648f02d' aria-label='Prvi\u010d kupujem karto' aria-invalid='false' aria-required=\"false\"> <span>Prvi\u010d kupujem karto<\/span><\/label><\/div><\/div><\/div><\/div><div class='step-nav ff_step_nav_last'><button  type='button' data-action='prev' class='ff-btn ff-btn-prev ff-btn-secondary'>Previous step<\/button><button  type='button' data-action='next' class='ff-float-right ff-btn ff-btn-next ff-btn-secondary'><\/button><\/div><\/div><div class=\"fluentform-step\" data-name=\"form_step-7_1\" ><div class='ff-el-group  ff-custom_html' data-name=\"custom_html-7_2\" ><h2>Status<\/h2><\/div><div class='ff-el-group ff-el-form-hide_label izbirastatusa ff_list_4col'><div class=\"ff-el-input--label asterisk-right\"><label  aria-label=\"Status\">Status<\/label><\/div><div class='ff-el-input--content'><div class=\"ff_el_checkable_photo_holders\"><div class='ff-el-form-check ff-el-form-check- ff-el-image-holder'><label style='background-image: url(https:\/\/garazagym.com\/wp-content\/uploads\/2025\/09\/14_15_years.png)' class='ff-el-image-input-src' for='input_radio_2_a0b16348b2989f7e974bd546a723553d' aria-label='14 -15 Let'><\/label><label class='ff-el-form-check-label' for=\"input_radio_2_a0b16348b2989f7e974bd546a723553d\"><input  type=\"radio\" name=\"input_radio_2\" data-name=\"input_radio_2\" class=\"ff-el-form-check-input ff-el-form-check-radio\" value=\"14 -15 Let\"  id='input_radio_2_a0b16348b2989f7e974bd546a723553d' aria-label='14 -15 Let' aria-invalid='false' aria-required=\"false\"> <span>14 -15 Let<\/span><\/label><\/div><div class='ff-el-form-check ff-el-form-check- ff-el-image-holder'><label style='background-image: url(https:\/\/garazagym.com\/wp-content\/uploads\/2025\/09\/16_17_years.png)' class='ff-el-image-input-src' for='input_radio_2_ff92755a7872efc281193c552228e4d3' aria-label='16 - 17 Let'><\/label><label class='ff-el-form-check-label' for=\"input_radio_2_ff92755a7872efc281193c552228e4d3\"><input  type=\"radio\" name=\"input_radio_2\" data-name=\"input_radio_2\" class=\"ff-el-form-check-input ff-el-form-check-radio\" value=\"16 - 17 Let\"  id='input_radio_2_ff92755a7872efc281193c552228e4d3' aria-label='16 - 17 Let' aria-invalid='false' aria-required=\"false\"> <span>16 - 17 Let<\/span><\/label><\/div><div class='ff-el-form-check ff-el-form-check- ff-el-image-holder'><label style='background-image: url(https:\/\/garazagym.com\/wp-content\/uploads\/2025\/09\/student_18_years.png)' class='ff-el-image-input-src' for='input_radio_2_9fdf82f2c4b149ed2ea6c199f1ece1db' aria-label='\u0160tudent 18+ let'><\/label><label class='ff-el-form-check-label' for=\"input_radio_2_9fdf82f2c4b149ed2ea6c199f1ece1db\"><input  type=\"radio\" name=\"input_radio_2\" data-name=\"input_radio_2\" class=\"ff-el-form-check-input ff-el-form-check-radio\" value=\"\u0160tudent 18+ let \"  id='input_radio_2_9fdf82f2c4b149ed2ea6c199f1ece1db' aria-label='\u0160tudent 18+ let' aria-invalid='false' aria-required=\"false\"> <span>\u0160tudent 18+ let <\/span><\/label><\/div><div class='ff-el-form-check ff-el-form-check- ff-el-image-holder'><label style='background-image: url(https:\/\/garazagym.com\/wp-content\/uploads\/2025\/09\/employed.png)' class='ff-el-image-input-src' for='input_radio_2_9a98109627162c32a47ad6b3766fe8d4' aria-label='Zaposlen, drugo 18+ let'><\/label><label class='ff-el-form-check-label' for=\"input_radio_2_9a98109627162c32a47ad6b3766fe8d4\"><input  type=\"radio\" name=\"input_radio_2\" data-name=\"input_radio_2\" class=\"ff-el-form-check-input ff-el-form-check-radio\" value=\"Zaposlen, drugo 18+ let\"  id='input_radio_2_9a98109627162c32a47ad6b3766fe8d4' aria-label='Zaposlen, drugo 18+ let' aria-invalid='false' aria-required=\"false\"> <span>Zaposlen, drugo 18+ let<\/span><\/label><\/div><\/div><\/div><\/div><div class='step-nav ff_step_nav_last'><button  type='button' data-action='prev' class='ff-btn ff-btn-prev ff-btn-secondary'>Previous step<\/button><button  type='button' data-action='next' class='ff-float-right ff-btn ff-btn-next ff-btn-secondary'>Naslednji korak<\/button><\/div><\/div><div class=\"fluentform-step\" data-name=\"form_step-7_3\" ><div class='ff-el-group ff-el-form-hide_label has-conditions mesecnipaketi ff_list_2col'><div class=\"ff-el-input--label asterisk-right\"><label  aria-label=\"Vezava\">Vezava<\/label><\/div><div class='ff-el-input--content'><div class=\"ff_el_checkable_photo_holders\"><div class='ff-el-form-check ff-el-form-check- ff-el-image-holder'><label style='background-image: url(https:\/\/garazagym.com\/wp-content\/uploads\/2025\/09\/only_XX_eur.png)' class='ff-el-image-input-src' for='input_radio_3_44e979143d057fc2ad6d51518f896970' aria-label='Vezava'><\/label><label class='ff-el-form-check-label' for=\"input_radio_3_44e979143d057fc2ad6d51518f896970\"><input  type=\"radio\" name=\"input_radio_3\" data-name=\"input_radio_3\" class=\"ff-el-form-check-input ff-el-form-check-radio\" value=\"Vezava\"  id='input_radio_3_44e979143d057fc2ad6d51518f896970' aria-label='Vezava' aria-invalid='false' aria-required=\"false\"> <span>Vezava<\/span><\/label><\/div><div class='ff-el-form-check ff-el-form-check- ff-el-image-holder'><label style='background-image: url(https:\/\/garazagym.com\/wp-content\/uploads\/2025\/09\/no_commitment.png)' class='ff-el-image-input-src' for='input_radio_3_9ad8f1072d952d9dbc6d7715c295334a' aria-label='Ne \u017eelim vezave'><\/label><label class='ff-el-form-check-label' for=\"input_radio_3_9ad8f1072d952d9dbc6d7715c295334a\"><input  type=\"radio\" name=\"input_radio_3\" data-name=\"input_radio_3\" class=\"ff-el-form-check-input ff-el-form-check-radio\" value=\"Ne \u017eelim vezave\"  id='input_radio_3_9ad8f1072d952d9dbc6d7715c295334a' aria-label='Ne \u017eelim vezave' aria-invalid='false' aria-required=\"false\"> <span>Ne \u017eelim vezave<\/span><\/label><\/div><\/div><\/div><\/div><div class='step-nav ff_step_nav_last'><button  type='button' data-action='prev' class='ff-btn ff-btn-prev ff-btn-secondary'>Previous step<\/button><button  type='button' data-action='next' class='ff-float-right ff-btn ff-btn-next ff-btn-secondary'>Naslednji korak<\/button><\/div><\/div><div class=\"fluentform-step\" data-name=\"form_step-7_4\" ><div class='ff-el-group  ff-custom_html has-conditions center-items' data-name=\"custom_html-7_5\" ><div class=\"centered-content\">\n<h1 style=\"text-align: center\">SHORT INSTRUCTIONS BEFORE PURCHASE<\/h1>\n<p style=\"text-align: center\">After clicking the <strong>\"Confirm\" button<\/strong> , you will be redirected to the link to complete your purchase.<br \/>The process is simple and similar to other online purchases.<\/p>\n<p style=\"text-align: center\">After successful payment, you will receive the following to your email address:<\/p>\n<ol class=\"wp-block-list\" style=\"text-align: center;padding: 0px\">\n<li><strong>1. An invitation to download the CardSkipper app.<\/strong>\n<ul style=\"padding: 0px;text-align: center\">\n<li>- Once the app is installed, your valid membership card will already be prepared inside it.<\/li>\n<li>\u00a0<\/li>\n<\/ul>\n<\/li>\n<li><strong>2. A digital key for opening the entrance door and the parking barrier.<\/strong>\n<ul style=\"padding: 0px;text-align: center\">\n<li>- The sender is Ringo Lock. If you cannot find the email, please also check your spam \nfolder.<\/li>\n<li>\u00a0<\/li>\n<\/ul>\n<\/li>\n<\/ol>\n<p style=\"text-align: center\">After your payment has been reviewed, you will receive a confirmation message with \ninstructions and information about our fitness center.<br \/>Until you receive this message, access \nto the fitness center is not possible!<\/p>\n<p style=\"text-align: center\"><strong>IMPORTANT:<\/strong>Tickets purchased between 7:00 AM and 6:00 PM will be processed on the \nsame day.<br \/>Tickets purchased after 6:00 PM will be processed the NEXT DAY by 10:00 AM.<\/p>\n<\/div><\/div><div class='ff-el-group  ff-custom_html has-conditions center-items' data-name=\"custom_html-7_6\" ><div class=\"centered-content\">\n<h1 style=\"text-align: center\">SHORT INSTRUCTIONS BEFORE PURCHASE<\/h1>\n<p style=\"text-align: center\">After clicking the <strong>\"Confirm\" button<\/strong> , you will be redirected to the link to complete your purchase.<br \/>The process is simple and similar to other online purchases.<\/p>\n<p style=\"text-align: center\">After successful payment, you will receive the following to your email address:<\/p>\n<ol class=\"wp-block-list\" style=\"text-align: center;padding: 0px!\">\n<li><strong>1. An invitation to download the CardSkipper app.<\/strong>\n<ul style=\"padding: 0px;text-align: center\">\n<li>- Once the app is installed, your valid membership card will already be prepared inside it.<\/li>\n<li>\u00a0<\/li>\n<\/ul>\n<\/li>\n<li><strong>2. A digital key for opening the entrance door and the parking barrier.<\/strong>\n<ul style=\"padding: 0px;text-align: center\">\n<li>- The sender is Ringo Lock. If you cannot find the email, please also check your spam \nfolder.<\/li>\n<li>\u00a0<\/li>\n<\/ul>\n<\/li>\n<\/ol>\n<p style=\"text-align: center\">After your payment has been reviewed, you will receive a confirmation message with \ninstructions and information about our fitness center.<br \/>Until you receive this message, access \nto the fitness center is not possible!<\/p>\n<p style=\"text-align: center\"><strong>IMPORTANT:<\/strong>Tickets purchased between 7:00 AM and 6:00 PM will be processed on the \nsame day.<br \/>Tickets purchased after 6:00 PM will be processed the NEXT DAY by 10:00 AM.<\/p>\n<\/div><\/div><div class='ff-el-group  ff-custom_html has-conditions center-items' data-name=\"custom_html-7_7\" ><div class=\"centered-content\">\n<h1 style=\"text-align: center\">SHORT INSTRUCTIONS BEFORE PURCHASE<\/h1>\n<p style=\"text-align: center\">After clicking the <strong>\"Confirm\" button<\/strong> , you will be redirected to the link to complete your purchase.<br \/>The process is simple and similar to other online purchases.<\/p>\n<p style=\"text-align: center\">After successful payment, you will receive the following to your email address:<\/p>\n<ol class=\"wp-block-list\" style=\"text-align: center;padding: 0px\">\n<li><strong>1. An invitation to download the CardSkipper app.<\/strong>\n<ul style=\"padding: 0px;text-align: center\">\n<li>- Once the app is installed, your valid membership card will already be prepared inside it.<\/li>\n<li>\u00a0<\/li>\n<\/ul>\n<\/li>\n<li><strong>2. A digital key for opening the entrance door and the parking barrier.<\/strong>\n<ul style=\"padding: 0px;text-align: center\">\n<li>- The sender is Ringo Lock. If you cannot find the email, please also check your spam \nfolder.<\/li>\n<li>\u00a0<\/li>\n<\/ul>\n<\/li>\n<\/ol>\n<p style=\"text-align: center\">After your payment has been reviewed, you will receive a confirmation message with \ninstructions and information about our fitness center.<br \/>Until you receive this message, access \nto the fitness center is not possible!<\/p>\n<p style=\"text-align: center\"><strong>IMPORTANT:<\/strong>Tickets purchased between 7:00 AM and 6:00 PM will be processed on the \nsame day.<br \/>Tickets purchased after 6:00 PM will be processed the NEXT DAY by 10:00 AM.<\/p>\n<\/div><\/div><div class='ff-el-group  ff-custom_html has-conditions center-items' data-name=\"custom_html-7_8\" ><p><\/p>\n<h1 style=\"text-align: center\">SHORT INSTRUCTIONS<\/h1>\n<p style=\"text-align: center\">After clicking the <strong>\"Confirm\" button<\/strong> , you will be redirected to the membership contract <br \/>form \nbecause we still need some additional details.<\/p>\n<p style=\"text-align: center\">All payments are processed via direct debit (SEPA).<\/p>\n<p style=\"text-align: center\">Your card becomes valid from the day you finalize the contract, which means you can start <br \/>training immediately!<\/p>\n<p style=\"text-align: center\">After reviewing the completed contract, you will receive a confirmation message with <br \/>instructions and information about our gym. Until you receive this message, access to the \ngym is not possible!<\/p>\n<p style=\"text-align: center\"><strong>IMPORTANT<\/strong> Contracts finalized between 7:00 AM and 6:00 PM will be processed the same \nday <br \/>Contracts finalized after 6:00 PM will be processed the NEXT DAY by 10:00 AM.<\/p>\n<p>&nbsp;<\/p>\n<p style=\"font-size: 8px;text-align: center;max-width: 600px;margin: 0 auto\"><strong>CONTRACT DURATION <\/strong><br \/>The contract is concluded for an indefinite period, but for a minimum of 12 months of using the services of Gara\u017ea Gym \nKamnik, in accordance with the general terms and conditions. After 12 months, the contract is automatically extended for 6 \nmonths according to the then-current package pricing. The contract will only not be extended if it is terminated in writing by mail \nor email at least 1 month before the expiry date. In addition to the monthly fee, a one-time registration fee of \u20ac20.00 including \nVAT will be charged with the first direct debit.<\/p>\n<p style=\"font-size: 8px;text-align: center;max-width: 600px;margin: 0 auto\"><strong>CANCELLATION POLICY <\/strong><br \/>In accordance with Article 134 of the Consumer Protection Act, a member has the right to withdraw from a membership \ncontract concluded online within 14 days from the date of online membership registration, at any time and without reason. The \ncontract is considered concluded on the day the order is submitted online. A withdrawal notice is considered timely if it is sent \nwithin the withdrawal period.<\/p>\n<p><\/p><\/div><div class='ff-el-group    ff-el-input--content'><div class='ff-el-form-check ff-el-tc'><label aria-label='I agree to the processing of my personal data for marketing purposes.' class='ff-el-form-check-label ff_tc_label' for=\"gdpr-agreement_9dab924682d98a816f68a8d1025e2954\"><span class='ff_tc_checkbox'><input type=\"checkbox\" name=\"gdpr-agreement\" class=\"ff-el-form-check-input ff_gdpr_field\" data-name=\"gdpr-agreement\" id=\"gdpr-agreement_9dab924682d98a816f68a8d1025e2954\"  value='on' aria-invalid='false' aria-required=\"true\"><\/span> <div class='ff_t_c'>I agree to the processing of my personal data for marketing purposes. <\/div><\/label><\/div><\/div><div class='ff-el-group    ff-el-input--content'><div class='ff-el-form-check ff-el-tc'><label aria-label='Terms and Conditions: Prebral sem in se strinjam s pogoji uporabe in poslovanja Contains 1 link. Use tab navigation to review.' class='ff-el-form-check-label ff_tc_label' for=\"terms-n-condition_dda38e32cfe813197679dd6e4b923e7f\"><span class='ff_tc_checkbox'><input type=\"checkbox\" name=\"terms-n-condition\" class=\"ff-el-form-check-input\" data-name=\"terms-n-condition\" id=\"terms-n-condition_dda38e32cfe813197679dd6e4b923e7f\"  value='on' aria-invalid='false' aria-required=\"true\"><\/span> <div class='ff_t_c'><p style=\"text-align: left\"><span style=\"text-decoration: underline\"><a style=\"color: #d3a96c;text-decoration: underline\" href=\"https:\/\/garazagym.com\/en\/pogoji-poslovanja\/\">I have read and agree to the terms of use and business conditions.<\/a><\/span><\/p><\/div><\/label><\/div><\/div>        <div class=\"ff-step-t-container ff-inner_submit_container ff-column-container ff_columns_total_2\">\n            <div class=\"ff-t-cell ff-t-column-1\"><div class='step-nav ff_step_nav_last'><button  type='button' data-action='prev' class='ff-btn ff-btn-prev ff-btn-secondary'>Previous step<\/button><\/div><\/div>\n            <div class=\"ff-t-cell ff-t-column-2\">\n                <div class='ff-el-group ff-text-left ff_submit_btn_wrapper'><button type=\"submit\" class=\"ff-btn ff-btn-submit ff-btn-lg submitobrazec ff_btn_style\" >Confirm<\/button><\/div>            <\/div>\n        <\/div>\n        <\/div><\/div><\/div>\n        <\/fieldset><input type=\"hidden\" name=\"trp-form-language\" value=\"en\"\/><\/form><div id='fluentform_7_errors' class='ff-errors-in-stack ff_form_instance_7_2 ff-form-loading_errors ff_form_instance_7_2_errors'><\/div><\/div>        <script type=\"text\/javascript\">\n            window.fluent_form_ff_form_instance_7_2 = {\"id\":\"7\",\"settings\":{\"layout\":{\"labelPlacement\":\"top\",\"asteriskPlacement\":\"asterisk-right\",\"helpMessagePlacement\":\"with_label\",\"errorMessagePlacement\":\"inline\",\"cssClassName\":\"\"},\"restrictions\":{\"denyEmptySubmission\":{\"enabled\":false}}},\"form_instance\":\"ff_form_instance_7_2\",\"form_id_selector\":\"fluentform_7\",\"rules\":{\"input_radio\":{\"required\":{\"value\":false,\"message\":\"This field is required\",\"global_message\":\"This field is required\",\"global\":true}},\"input_radio_2\":{\"required\":{\"value\":false,\"message\":\"This field is required\",\"global_message\":\"This field is required\",\"global\":true}},\"input_radio_3\":{\"required\":{\"value\":false,\"message\":\"This field is required\",\"global_message\":\"This field is required\",\"global\":true}},\"gdpr-agreement\":{\"required\":{\"value\":true,\"message\":\"To polje je obvezno.\",\"global_message\":\"This field is required\",\"global\":false}},\"terms-n-condition\":{\"required\":{\"value\":true,\"message\":\"This field is required\",\"global_message\":\"This field is required\",\"global\":true}}},\"debounce_time\":300,\"conditionals\":{\"input_radio_3\":{\"type\":\"any\",\"status\":true,\"conditions\":[{\"field\":\"input_radio_2\",\"value\":\"Zaposlen, drugo 18+ let\",\"operator\":\"=\"},{\"field\":\"input_radio_2\",\"value\":\"\\u0160tudent 18+ let \",\"operator\":\"=\"}],\"condition_groups\":[{\"rules\":[{\"field\":\"\",\"value\":\"\",\"operator\":\"\"}],\"title\":\"\",\"isEditingTitle\":false,\"isPreviewOpen\":false,\"isGroupOpen\":true}]},\"custom_html-7_5\":{\"type\":\"any\",\"status\":true,\"conditions\":[{\"field\":\"input_radio_2\",\"value\":\"14 -15 Let\",\"operator\":\"=\"},{\"field\":\"input_radio_2\",\"value\":\"16 - 17 Let\",\"operator\":\"=\"}],\"condition_groups\":[{\"rules\":[{\"field\":\"\",\"value\":\"\",\"operator\":\"\"}],\"title\":\"\",\"isEditingTitle\":false,\"isPreviewOpen\":false,\"isGroupOpen\":true}]},\"custom_html-7_6\":{\"type\":\"all\",\"status\":true,\"conditions\":[{\"field\":\"input_radio_3\",\"value\":\"Ne \\u017eelim vezave\",\"operator\":\"=\"},{\"field\":\"input_radio_2\",\"value\":\"\\u0160tudent 18+ let \",\"operator\":\"=\"}],\"condition_groups\":[{\"rules\":[{\"field\":\"\",\"value\":\"\",\"operator\":\"\"}],\"title\":\"\",\"isEditingTitle\":false,\"isPreviewOpen\":false,\"isGroupOpen\":true}]},\"custom_html-7_7\":{\"type\":\"all\",\"status\":true,\"conditions\":[{\"field\":\"input_radio_3\",\"value\":\"Ne \\u017eelim vezave\",\"operator\":\"=\"},{\"field\":\"input_radio_2\",\"value\":\"Zaposlen, drugo 18+ let\",\"operator\":\"=\"}],\"condition_groups\":[{\"rules\":[{\"field\":\"\",\"value\":\"\",\"operator\":\"\"}],\"title\":\"\",\"isEditingTitle\":false,\"isPreviewOpen\":false,\"isGroupOpen\":true}]},\"custom_html-7_8\":{\"type\":\"group\",\"status\":true,\"conditions\":[{\"field\":\"input_radio_2\",\"value\":\"Zaposlen, drugo 18+ let\",\"operator\":\"=\"},{\"field\":\"input_radio_3\",\"value\":\"Vezava\",\"operator\":\"=\"}],\"condition_groups\":[{\"rules\":[{\"field\":\"input_radio_3\",\"value\":\"Vezava\",\"operator\":\"=\"},{\"field\":\"input_radio_2\",\"value\":\"\\u0160tudent 18+ let \",\"operator\":\"=\"}],\"title\":\"\",\"isEditingTitle\":false,\"isPreviewOpen\":false,\"isGroupOpen\":true},{\"rules\":[{\"field\":\"input_radio_3\",\"value\":\"Vezava\",\"operator\":\"=\"},{\"field\":\"input_radio_2\",\"value\":\"Zaposlen, drugo 18+ let\",\"operator\":\"=\"}],\"title\":\"\",\"isEditingTitle\":false,\"isPreviewOpen\":false,\"isGroupOpen\":true}]}}};\n                    <\/script>\n                    <\/div>\n\n            \t\t\t\t<\/div>\n\t\t\t\t<\/div>\n\t\t\t\t\t<\/div>\n\t\t\t\t<\/div>\n\t\t\t\t<\/div>","protected":false},"excerpt":{"rendered":"<p>Kupi karto Radio Field Sem \u017ee \u010dlan\/ica Prvi\u010d kupujem kartoPrej\u0161nji korak Status Status 14 -15 Let 16 &#8211; 17 Let \u0160tudent 18+ let Zaposlen, drugo 18+ letPrej\u0161nji korakNaslednji korakVezava Vezava Ne \u017eelim vezavePrej\u0161nji korakNaslednji korak KRATKA NAVODILA PRED NAKUPOM Po kliku na gumb \u201cPotrdi\u201d te preusmerimo na povezavo za zaklju\u010dek nakupa.Postopek je preprost in podoben [&hellip;]<\/p>","protected":false},"author":1,"featured_media":0,"parent":0,"menu_order":0,"comment_status":"closed","ping_status":"closed","template":"elementor_header_footer","meta":{"footnotes":""},"class_list":["post-485","page","type-page","status-publish","hentry"],"_links":{"self":[{"href":"https:\/\/garazagym.com\/en\/wp-json\/wp\/v2\/pages\/485","targetHints":{"allow":["GET"]}}],"collection":[{"href":"https:\/\/garazagym.com\/en\/wp-json\/wp\/v2\/pages"}],"about":[{"href":"https:\/\/garazagym.com\/en\/wp-json\/wp\/v2\/types\/page"}],"author":[{"embeddable":true,"href":"https:\/\/garazagym.com\/en\/wp-json\/wp\/v2\/users\/1"}],"replies":[{"embeddable":true,"href":"https:\/\/garazagym.com\/en\/wp-json\/wp\/v2\/comments?post=485"}],"version-history":[{"count":469,"href":"https:\/\/garazagym.com\/en\/wp-json\/wp\/v2\/pages\/485\/revisions"}],"predecessor-version":[{"id":1724,"href":"https:\/\/garazagym.com\/en\/wp-json\/wp\/v2\/pages\/485\/revisions\/1724"}],"wp:attachment":[{"href":"https:\/\/garazagym.com\/en\/wp-json\/wp\/v2\/media?parent=485"}],"curies":[{"name":"wp","href":"https:\/\/api.w.org\/{rel}","templated":true}]}}