{"id":298,"date":"2025-03-18T19:49:50","date_gmt":"2025-03-18T19:49:50","guid":{"rendered":"https:\/\/pulsecoding.si\/gym\/?page_id=298"},"modified":"2025-11-25T07:38:33","modified_gmt":"2025-11-25T07:38:33","slug":"osebni-treningi","status":"publish","type":"page","link":"https:\/\/garazagym.com\/en\/osebni-treningi\/","title":{"rendered":"Osebni treningi"},"content":{"rendered":"<div data-elementor-type=\"wp-page\" data-elementor-id=\"298\" class=\"elementor elementor-298\" data-elementor-post-type=\"page\">\n\t\t\t\t<div class=\"elementor-element elementor-element-fe73049 e-con-full e-flex e-con e-parent\" data-id=\"fe73049\" data-element_type=\"container\" data-settings=\"{&quot;background_background&quot;:&quot;classic&quot;}\">\n\t\t\t\t<div class=\"elementor-element elementor-element-6306609 elementor-widget elementor-widget-spacer\" data-id=\"6306609\" data-element_type=\"widget\" data-widget_type=\"spacer.default\">\n\t\t\t\t<div class=\"elementor-widget-container\">\n\t\t\t\t\t\t\t<div class=\"elementor-spacer\">\n\t\t\t<div class=\"elementor-spacer-inner\"><\/div>\n\t\t<\/div>\n\t\t\t\t\t\t<\/div>\n\t\t\t\t<\/div>\n\t\t<div class=\"elementor-element elementor-element-571b359 e-con-full e-flex e-con e-child\" data-id=\"571b359\" data-element_type=\"container\">\n\t\t\t\t<div class=\"elementor-element elementor-element-9183634 animated-slow elementor-invisible elementor-widget elementor-widget-heading\" data-id=\"9183634\" data-element_type=\"widget\" data-settings=\"{&quot;_animation&quot;:&quot;fadeInDown&quot;,&quot;_animation_delay&quot;:1000}\" data-widget_type=\"heading.default\">\n\t\t\t\t<div class=\"elementor-widget-container\">\n\t\t\t\t\t<h2 class=\"elementor-heading-title elementor-size-default\">PERSONAL<br>TRAINING<\/h2>\t\t\t\t<\/div>\n\t\t\t\t<\/div>\n\t\t<div class=\"elementor-element elementor-element-6d68475 e-con-full e-flex e-con e-child\" data-id=\"6d68475\" data-element_type=\"container\">\n\t\t\t\t<div class=\"elementor-element elementor-element-aa3590a elementor-invisible elementor-widget elementor-widget-button\" data-id=\"aa3590a\" data-element_type=\"widget\" data-settings=\"{&quot;_animation&quot;:&quot;fadeInLeft&quot;,&quot;_animation_delay&quot;:1100}\" data-widget_type=\"button.default\">\n\t\t\t\t<div class=\"elementor-widget-container\">\n\t\t\t\t\t\t\t\t\t<div class=\"elementor-button-wrapper\">\n\t\t\t\t\t<a class=\"elementor-button elementor-button-link elementor-size-sm\" href=\"https:\/\/garazagym.com\/en\/prijava-na-posvet\/\">\n\t\t\t\t\t\t<span class=\"elementor-button-content-wrapper\">\n\t\t\t\t\t\t\t\t\t<span class=\"elementor-button-text\">SIGN UP FOR A CONSULTATION<\/span>\n\t\t\t\t\t<\/span>\n\t\t\t\t\t<\/a>\n\t\t\t\t<\/div>\n\t\t\t\t\t\t\t\t<\/div>\n\t\t\t\t<\/div>\n\t\t\t\t<\/div>\n\t\t\t\t<\/div>\n\t\t\t\t<\/div>\n\t\t<div class=\"elementor-element elementor-element-8d43c97 e-flex e-con-boxed e-con e-parent\" data-id=\"8d43c97\" data-element_type=\"container\" data-settings=\"{&quot;background_background&quot;:&quot;classic&quot;}\">\n\t\t\t\t\t<div class=\"e-con-inner\">\n\t\t\t\t\t<\/div>\n\t\t\t\t<\/div>\n\t\t<div class=\"elementor-element elementor-element-e17404c e-con-full elementor-hidden-desktop elementor-hidden-tablet elementor-hidden-mobile e-flex e-con e-parent\" data-id=\"e17404c\" data-element_type=\"container\">\n\t\t<div class=\"elementor-element elementor-element-687049b e-con-full e-flex e-con e-child\" data-id=\"687049b\" data-element_type=\"container\" data-settings=\"{&quot;background_background&quot;:&quot;classic&quot;}\">\n\t\t\t\t<\/div>\n\t\t<div class=\"elementor-element elementor-element-11320f3 e-con-full e-flex e-con e-child\" data-id=\"11320f3\" data-element_type=\"container\">\n\t\t<div class=\"elementor-element elementor-element-84b5694 e-con-full e-flex e-con e-child\" data-id=\"84b5694\" data-element_type=\"container\" data-settings=\"{&quot;background_background&quot;:&quot;classic&quot;}\">\n\t\t\t\t<div class=\"elementor-element elementor-element-24e94e1 animated-slow elementor-invisible elementor-widget elementor-widget-heading\" data-id=\"24e94e1\" data-element_type=\"widget\" data-settings=\"{&quot;_animation&quot;:&quot;fadeInDown&quot;}\" data-widget_type=\"heading.default\">\n\t\t\t\t<div class=\"elementor-widget-container\">\n\t\t\t\t\t<h2 class=\"elementor-heading-title elementor-size-default\">Raznolikost<\/h2>\t\t\t\t<\/div>\n\t\t\t\t<\/div>\n\t\t\t\t<div class=\"elementor-element elementor-element-bf20600 animated-slow elementor-widget__width-initial elementor-invisible elementor-widget elementor-widget-text-editor\" data-id=\"bf20600\" data-element_type=\"widget\" data-settings=\"{&quot;_animation&quot;:&quot;fadeInDown&quot;}\" data-widget_type=\"text-editor.default\">\n\t\t\t\t<div class=\"elementor-widget-container\">\n\t\t\t\t\t\t\t\t\t<p>Ker \u017eelimo zagotoviti kakovostno storitev in ti predati minimalno osnovno znanje, ki ga potrebuje\u0161 za kasnej\u0161e samostojno treniranje, najmanj\u0161i paket vsebuje 8 treningov. Ponujamo tudi treninge v paru in pa semi privat treninge v manj\u0161ih skupinah (max. 4 osebe)<\/p><p>Ob zakupu kateregakoli paketa dobi\u0161 tudi neomejen dostop do gyma za \u010das <br \/>trajanja paketa!<\/p>\t\t\t\t\t\t\t\t<\/div>\n\t\t\t\t<\/div>\n\t\t\t\t<div class=\"elementor-element elementor-element-2cafe5c elementor-invisible elementor-widget elementor-widget-button\" data-id=\"2cafe5c\" data-element_type=\"widget\" data-settings=\"{&quot;_animation&quot;:&quot;fadeInLeft&quot;,&quot;_animation_delay&quot;:1100}\" data-widget_type=\"button.default\">\n\t\t\t\t<div class=\"elementor-widget-container\">\n\t\t\t\t\t\t\t\t\t<div class=\"elementor-button-wrapper\">\n\t\t\t\t\t<a class=\"elementor-button elementor-button-link elementor-size-sm\" href=\"#\">\n\t\t\t\t\t\t<span class=\"elementor-button-content-wrapper\">\n\t\t\t\t\t\t\t\t\t<span class=\"elementor-button-text\">PRICE LIST<\/span>\n\t\t\t\t\t<\/span>\n\t\t\t\t\t<\/a>\n\t\t\t\t<\/div>\n\t\t\t\t\t\t\t\t<\/div>\n\t\t\t\t<\/div>\n\t\t\t\t<\/div>\n\t\t\t\t<\/div>\n\t\t\t\t<\/div>\n\t\t<div class=\"elementor-element elementor-element-899c67f e-con-full e-flex e-con e-parent\" data-id=\"899c67f\" data-element_type=\"container\">\n\t\t<div class=\"elementor-element elementor-element-e7b3b47 e-con-full e-flex e-con e-child\" data-id=\"e7b3b47\" data-element_type=\"container\">\n\t\t<div class=\"elementor-element elementor-element-53157dc e-con-full e-flex e-con e-child\" data-id=\"53157dc\" data-element_type=\"container\" data-settings=\"{&quot;background_background&quot;:&quot;classic&quot;}\">\n\t\t\t\t<div class=\"elementor-element elementor-element-8625132 animated-slow elementor-widget__width-initial elementor-invisible elementor-widget elementor-widget-text-editor\" data-id=\"8625132\" data-element_type=\"widget\" data-settings=\"{&quot;_animation&quot;:&quot;fadeInDown&quot;}\" data-widget_type=\"text-editor.default\">\n\t\t\t\t<div class=\"elementor-widget-container\">\n\t\t\t\t\t\t\t\t\t<p>There are several different packages available. Because we want to provide a quality service and give you the minimum basic knowledge that you need for later training, the smallest package contains 8 training sessions. <br \/>potrebuje\u0161 za kasnej\u0161e samostojno treniranje, najmanj\u0161i paket vsebuje 8 treningov.<\/p><p>In addition to individual training sessions, we also offer training sessions in pairs.<\/p><p>When you buy any package, you also get unlimited access to the fitness for the duration of the package<\/p><p>The packages must be used:<br \/>8 training sessions \u2013 50 days<br \/>12 training sessions \u2013 60 days<br \/>16 training sessions \u2013 70 days<\/p>\t\t\t\t\t\t\t\t<\/div>\n\t\t\t\t<\/div>\n\t\t\t\t<div class=\"elementor-element elementor-element-ee6f605 elementor-align-center elementor-invisible elementor-widget elementor-widget-button\" data-id=\"ee6f605\" data-element_type=\"widget\" data-settings=\"{&quot;_animation&quot;:&quot;fadeInLeft&quot;,&quot;_animation_delay&quot;:1100}\" data-widget_type=\"button.default\">\n\t\t\t\t<div class=\"elementor-widget-container\">\n\t\t\t\t\t\t\t\t\t<div class=\"elementor-button-wrapper\">\n\t\t\t\t\t<a class=\"elementor-button elementor-button-link elementor-size-sm\" href=\"https:\/\/garazagym.com\/en\/cenik\/\">\n\t\t\t\t\t\t<span class=\"elementor-button-content-wrapper\">\n\t\t\t\t\t\t\t\t\t<span class=\"elementor-button-text\">PRICE LIST<\/span>\n\t\t\t\t\t<\/span>\n\t\t\t\t\t<\/a>\n\t\t\t\t<\/div>\n\t\t\t\t\t\t\t\t<\/div>\n\t\t\t\t<\/div>\n\t\t\t\t<\/div>\n\t\t\t\t<\/div>\n\t\t\t\t<\/div>\n\t\t<div class=\"elementor-element elementor-element-f9e279e e-flex e-con-boxed e-con e-parent\" data-id=\"f9e279e\" data-element_type=\"container\">\n\t\t\t\t\t<div class=\"e-con-inner\">\n\t\t<div class=\"elementor-element elementor-element-eec5984 e-con-full e-flex e-con e-child\" data-id=\"eec5984\" data-element_type=\"container\" id=\"bg-box\" data-settings=\"{&quot;background_background&quot;:&quot;classic&quot;}\">\n\t\t\t\t<div class=\"elementor-element elementor-element-2022846 animated-slow elementor-invisible elementor-widget elementor-widget-heading\" data-id=\"2022846\" data-element_type=\"widget\" data-settings=\"{&quot;_animation&quot;:&quot;fadeInDown&quot;}\" data-widget_type=\"heading.default\">\n\t\t\t\t<div class=\"elementor-widget-container\">\n\t\t\t\t\t<h2 class=\"elementor-heading-title elementor-size-default\">WHAT WE OFFER<\/h2>\t\t\t\t<\/div>\n\t\t\t\t<\/div>\n\t\t\t\t<\/div>\n\t\t\t\t\t<\/div>\n\t\t\t\t<\/div>\n\t\t<div class=\"elementor-element elementor-element-d2e4311 e-con-full e-flex e-con e-parent\" data-id=\"d2e4311\" data-element_type=\"container\">\n\t\t<div class=\"elementor-element elementor-element-36d3879 e-con-full e-flex e-con e-child\" data-id=\"36d3879\" data-element_type=\"container\">\n\t\t<div class=\"elementor-element elementor-element-12c68f5 e-con-full e-flex e-con e-child\" data-id=\"12c68f5\" data-element_type=\"container\" data-settings=\"{&quot;background_background&quot;:&quot;classic&quot;}\">\n\t\t<div class=\"elementor-element elementor-element-49884f8 e-con-full e-flex e-con e-child\" data-id=\"49884f8\" data-element_type=\"container\">\n\t\t\t\t<div class=\"elementor-element elementor-element-9c66f95 animated-slow elementor-invisible elementor-widget elementor-widget-heading\" data-id=\"9c66f95\" data-element_type=\"widget\" data-settings=\"{&quot;_animation&quot;:&quot;fadeInDown&quot;}\" data-widget_type=\"heading.default\">\n\t\t\t\t<div class=\"elementor-widget-container\">\n\t\t\t\t\t<h2 class=\"elementor-heading-title elementor-size-default\">Individual approach<\/h2>\t\t\t\t<\/div>\n\t\t\t\t<\/div>\n\t\t\t\t<\/div>\n\t\t\t\t<div class=\"elementor-element elementor-element-d9138aa animated-slow elementor-widget__width-inherit elementor-invisible elementor-widget elementor-widget-text-editor\" data-id=\"d9138aa\" data-element_type=\"widget\" data-settings=\"{&quot;_animation&quot;:&quot;fadeInDown&quot;}\" data-widget_type=\"text-editor.default\">\n\t\t\t\t<div class=\"elementor-widget-container\">\n\t\t\t\t\t\t\t\t\t<div id=\"section_f9e532f42528e9806020698df153342d\" class=\"mceRow mceRow--isFullBleed mceRow--noSpacing mceRow--adjustMargin mceRow--singleColumn-mobile mceRow--singleColumn-tablet\" data-page-content=\"true\"><div class=\"mceColumn justify-items-center justify-self-center\"><div class=\"mceRow mceRow--noSpacing mceRow--adjustMargin mceRow--maxWidth mceRow--singleColumn-mobile mceRow--singleColumn-tablet\"><div class=\"mceColumn justify-items-center justify-self-center\"><div class=\"mceRow mceRow--isFullBleed mceRow--adjustMargin mceRow--singleColumn-mobile mceRow--singleColumn-tablet\"><div class=\"mceColumn justify-items-center justify-self-center\"><div class=\"mceText\"><p>We adapt the entire training program to your wishes, abilities and goals.<\/p><\/div><\/div><\/div><\/div><\/div><\/div><\/div><div id=\"section_3b22253785f20133e96b6290c07b6735\" class=\"mceRow mceRow--isFullBleed mceRow--noSpacing mceRow--adjustMargin mceRow--singleColumn-mobile mceRow--singleColumn-tablet\" data-page-content=\"true\"><div class=\"mceColumn justify-items-center justify-self-center\"><div class=\"mceRow mceRow--noSpacing mceRow--adjustMargin mceRow--maxWidth mceRow--singleColumn-mobile mceRow--singleColumn-tablet\"><div class=\"mceColumn justify-items-center justify-self-center\"><div class=\"mceRow mceRow--isFullBleed mceRow--adjustMargin mceRow--singleColumn-mobile mceRow--singleColumn-tablet\"><div class=\"mceColumn justify-items-center justify-self-center\">\u00a0<\/div><\/div><\/div><\/div><\/div><\/div>\t\t\t\t\t\t\t\t<\/div>\n\t\t\t\t<\/div>\n\t\t\t\t<\/div>\n\t\t\t\t<\/div>\n\t\t<div class=\"elementor-element elementor-element-a6f04ff e-con-full e-flex e-con e-child\" data-id=\"a6f04ff\" data-element_type=\"container\">\n\t\t<div class=\"elementor-element elementor-element-c9b5956 e-con-full e-flex e-con e-child\" data-id=\"c9b5956\" data-element_type=\"container\" data-settings=\"{&quot;background_background&quot;:&quot;classic&quot;}\">\n\t\t<div class=\"elementor-element elementor-element-0e3af6c e-con-full e-flex e-con e-child\" data-id=\"0e3af6c\" data-element_type=\"container\">\n\t\t\t\t<div class=\"elementor-element elementor-element-32d7cf0 animated-slow elementor-invisible elementor-widget elementor-widget-heading\" data-id=\"32d7cf0\" data-element_type=\"widget\" data-settings=\"{&quot;_animation&quot;:&quot;fadeInDown&quot;}\" data-widget_type=\"heading.default\">\n\t\t\t\t<div class=\"elementor-widget-container\">\n\t\t\t\t\t<h2 class=\"elementor-heading-title elementor-size-default\">Expertise<\/h2>\t\t\t\t<\/div>\n\t\t\t\t<\/div>\n\t\t\t\t<\/div>\n\t\t\t\t<div class=\"elementor-element elementor-element-ff148ee animated-slow elementor-widget__width-inherit elementor-invisible elementor-widget elementor-widget-text-editor\" data-id=\"ff148ee\" data-element_type=\"widget\" data-settings=\"{&quot;_animation&quot;:&quot;fadeInDown&quot;}\" data-widget_type=\"text-editor.default\">\n\t\t\t\t<div class=\"elementor-widget-container\">\n\t\t\t\t\t\t\t\t\t<div id=\"section_3b22253785f20133e96b6290c07b6735\" class=\"mceRow mceRow--isFullBleed mceRow--noSpacing mceRow--adjustMargin mceRow--singleColumn-mobile mceRow--singleColumn-tablet\" data-page-content=\"true\"><div class=\"mceColumn justify-items-center justify-self-center\"><div class=\"mceRow mceRow--noSpacing mceRow--adjustMargin mceRow--maxWidth mceRow--singleColumn-mobile mceRow--singleColumn-tablet\"><div class=\"mceColumn justify-items-center justify-self-center\"><div class=\"mceRow mceRow--isFullBleed mceRow--adjustMargin mceRow--singleColumn-mobile mceRow--singleColumn-tablet\"><div class=\"mceColumn justify-items-center justify-self-center\"><div class=\"mceText\"><p>With our many years of experience and knowledge, we help you achieve your goals more easily and quickly.<\/p><\/div><\/div><\/div><\/div><\/div><\/div><\/div>\t\t\t\t\t\t\t\t<\/div>\n\t\t\t\t<\/div>\n\t\t\t\t<\/div>\n\t\t\t\t<\/div>\n\t\t<div class=\"elementor-element elementor-element-08bd47e e-con-full e-flex e-con e-child\" data-id=\"08bd47e\" data-element_type=\"container\">\n\t\t<div class=\"elementor-element elementor-element-f110abf e-con-full e-flex e-con e-child\" data-id=\"f110abf\" data-element_type=\"container\" data-settings=\"{&quot;background_background&quot;:&quot;classic&quot;}\">\n\t\t<div class=\"elementor-element elementor-element-88cd66e e-con-full e-flex e-con e-child\" data-id=\"88cd66e\" data-element_type=\"container\">\n\t\t\t\t<div class=\"elementor-element elementor-element-c38d3ff animated-slow elementor-invisible elementor-widget elementor-widget-heading\" data-id=\"c38d3ff\" data-element_type=\"widget\" data-settings=\"{&quot;_animation&quot;:&quot;fadeInDown&quot;}\" data-widget_type=\"heading.default\">\n\t\t\t\t<div class=\"elementor-widget-container\">\n\t\t\t\t\t<h2 class=\"elementor-heading-title elementor-size-default\">Motivation<\/h2>\t\t\t\t<\/div>\n\t\t\t\t<\/div>\n\t\t\t\t<\/div>\n\t\t\t\t<div class=\"elementor-element elementor-element-c741436 animated-slow elementor-widget__width-inherit elementor-invisible elementor-widget elementor-widget-text-editor\" data-id=\"c741436\" data-element_type=\"widget\" data-settings=\"{&quot;_animation&quot;:&quot;fadeInDown&quot;}\" data-widget_type=\"text-editor.default\">\n\t\t\t\t<div class=\"elementor-widget-container\">\n\t\t\t\t\t\t\t\t\t<p>With interesting training sessions and our relaxed attitude, we help you to keep your motivation high.<\/p>\t\t\t\t\t\t\t\t<\/div>\n\t\t\t\t<\/div>\n\t\t\t\t<\/div>\n\t\t\t\t<\/div>\n\t\t\t\t<\/div>\n\t\t<div class=\"elementor-element elementor-element-f0cd6e4 e-con-full e-flex e-con e-parent\" data-id=\"f0cd6e4\" data-element_type=\"container\">\n\t\t<div class=\"elementor-element elementor-element-52da881 e-con-full e-flex e-con e-child\" data-id=\"52da881\" data-element_type=\"container\">\n\t\t<div class=\"elementor-element elementor-element-446891c e-con-full e-flex e-con e-child\" data-id=\"446891c\" data-element_type=\"container\" data-settings=\"{&quot;background_background&quot;:&quot;classic&quot;}\">\n\t\t<div class=\"elementor-element elementor-element-bee0155 e-con-full e-flex e-con e-child\" data-id=\"bee0155\" data-element_type=\"container\">\n\t\t\t\t<div class=\"elementor-element elementor-element-055627f elementor-widget elementor-widget-heading\" data-id=\"055627f\" data-element_type=\"widget\" data-widget_type=\"heading.default\">\n\t\t\t\t<div class=\"elementor-widget-container\">\n\t\t\t\t\t<h2 class=\"elementor-heading-title elementor-size-default\">Sign up for a consultation<\/h2>\t\t\t\t<\/div>\n\t\t\t\t<\/div>\n\t\t\t\t<div class=\"elementor-element elementor-element-9819c15 elementor-widget elementor-widget-button\" data-id=\"9819c15\" data-element_type=\"widget\" data-widget_type=\"button.default\">\n\t\t\t\t<div class=\"elementor-widget-container\">\n\t\t\t\t\t\t\t\t\t<div class=\"elementor-button-wrapper\">\n\t\t\t\t\t<a class=\"elementor-button elementor-button-link elementor-size-sm\" href=\"https:\/\/garazagym.com\/en\/prijava-na-posvet\/\">\n\t\t\t\t\t\t<span class=\"elementor-button-content-wrapper\">\n\t\t\t\t\t\t\t\t\t<span class=\"elementor-button-text\">SIGN UP<\/span>\n\t\t\t\t\t<\/span>\n\t\t\t\t\t<\/a>\n\t\t\t\t<\/div>\n\t\t\t\t\t\t\t\t<\/div>\n\t\t\t\t<\/div>\n\t\t\t\t<\/div>\n\t\t\t\t<\/div>\n\t\t\t\t<div class=\"elementor-element elementor-element-6c886b8 elementor-widget elementor-widget-spacer\" data-id=\"6c886b8\" data-element_type=\"widget\" data-widget_type=\"spacer.default\">\n\t\t\t\t<div class=\"elementor-widget-container\">\n\t\t\t\t\t\t\t<div class=\"elementor-spacer\">\n\t\t\t<div class=\"elementor-spacer-inner\"><\/div>\n\t\t<\/div>\n\t\t\t\t\t\t<\/div>\n\t\t\t\t<\/div>\n\t\t\t\t<\/div>\n\t\t<div class=\"elementor-element elementor-element-7e4eff1 e-con-full e-flex e-con e-child\" data-id=\"7e4eff1\" data-element_type=\"container\">\n\t\t\t\t<div class=\"elementor-element elementor-element-311bef1 elementor-widget elementor-widget-text-editor\" data-id=\"311bef1\" data-element_type=\"widget\" data-widget_type=\"text-editor.default\">\n\t\t\t\t<div class=\"elementor-widget-container\">\n\t\t\t\t\t\t\t\t\t<p>Before we begin, we need some basic information from you. The quickest way to do this is to click on the <em><strong>SIGN UP<\/strong><\/em>button, which will take you to a simple registration form.<\/p><p>By completing\u00a0<strong>the registration form,<\/strong>you express your interest in obtaining all the necessary information, and it will be easier for us to contact you. You can withdraw your registration at any time.<\/p><p>If it's easier for you, you can of course contact us directly at one of our contacts.<\/p>\t\t\t\t\t\t\t\t<\/div>\n\t\t\t\t<\/div>\n\t\t\t\t<\/div>\n\t\t\t\t<\/div>\n\t\t\t\t<\/div>","protected":false},"excerpt":{"rendered":"<p>OSEBNOTRENERSTVO PRIJAVI SE NA POSVET Raznolikost Ker \u017eelimo zagotoviti kakovostno storitev in ti predati minimalno osnovno znanje, ki ga potrebuje\u0161 za kasnej\u0161e samostojno treniranje, najmanj\u0161i paket vsebuje 8 treningov. Ponujamo tudi treninge v paru in pa semi privat treninge v manj\u0161ih skupinah (max. 4 osebe) Ob zakupu kateregakoli paketa dobi\u0161 tudi neomejen dostop do gyma [&hellip;]<\/p>","protected":false},"author":1,"featured_media":0,"parent":0,"menu_order":0,"comment_status":"closed","ping_status":"closed","template":"elementor_header_footer","meta":{"footnotes":""},"class_list":["post-298","page","type-page","status-publish","hentry"],"_links":{"self":[{"href":"https:\/\/garazagym.com\/en\/wp-json\/wp\/v2\/pages\/298","targetHints":{"allow":["GET"]}}],"collection":[{"href":"https:\/\/garazagym.com\/en\/wp-json\/wp\/v2\/pages"}],"about":[{"href":"https:\/\/garazagym.com\/en\/wp-json\/wp\/v2\/types\/page"}],"author":[{"embeddable":true,"href":"https:\/\/garazagym.com\/en\/wp-json\/wp\/v2\/users\/1"}],"replies":[{"embeddable":true,"href":"https:\/\/garazagym.com\/en\/wp-json\/wp\/v2\/comments?post=298"}],"version-history":[{"count":73,"href":"https:\/\/garazagym.com\/en\/wp-json\/wp\/v2\/pages\/298\/revisions"}],"predecessor-version":[{"id":1611,"href":"https:\/\/garazagym.com\/en\/wp-json\/wp\/v2\/pages\/298\/revisions\/1611"}],"wp:attachment":[{"href":"https:\/\/garazagym.com\/en\/wp-json\/wp\/v2\/media?parent=298"}],"curies":[{"name":"wp","href":"https:\/\/api.w.org\/{rel}","templated":true}]}}