{"id":2028,"date":"2025-12-17T08:58:36","date_gmt":"2025-12-17T08:58:36","guid":{"rendered":"https:\/\/garazagym.com\/?page_id=2028"},"modified":"2025-12-17T12:54:28","modified_gmt":"2025-12-17T12:54:28","slug":"darilni-boni","status":"publish","type":"page","link":"https:\/\/garazagym.com\/en\/darilni-boni\/","title":{"rendered":"Darilni boni"},"content":{"rendered":"<div data-elementor-type=\"wp-page\" data-elementor-id=\"2028\" class=\"elementor elementor-2028\" data-elementor-post-type=\"page\">\n\t\t\t\t<div class=\"elementor-element elementor-element-0ebf1ce e-con-full e-flex e-con e-parent\" data-id=\"0ebf1ce\" data-element_type=\"container\" data-settings=\"{&quot;background_background&quot;:&quot;classic&quot;}\">\n\t\t\t\t<div class=\"elementor-element elementor-element-bfebf16 elementor-widget elementor-widget-spacer\" data-id=\"bfebf16\" data-element_type=\"widget\" data-widget_type=\"spacer.default\">\n\t\t\t\t<div class=\"elementor-widget-container\">\n\t\t\t\t\t\t\t<div class=\"elementor-spacer\">\n\t\t\t<div class=\"elementor-spacer-inner\"><\/div>\n\t\t<\/div>\n\t\t\t\t\t\t<\/div>\n\t\t\t\t<\/div>\n\t\t<div class=\"elementor-element elementor-element-4e427bf e-con-full e-flex e-con e-child\" data-id=\"4e427bf\" data-element_type=\"container\">\n\t\t\t\t<\/div>\n\t\t\t\t<\/div>\n\t\t<div class=\"elementor-element elementor-element-2f952b8 e-flex e-con-boxed e-con e-parent\" data-id=\"2f952b8\" data-element_type=\"container\" data-settings=\"{&quot;background_background&quot;:&quot;classic&quot;}\">\n\t\t\t\t\t<div class=\"e-con-inner\">\n\t\t<div class=\"elementor-element elementor-element-63355b1 animated-slow e-flex e-con-boxed elementor-invisible e-con e-child\" data-id=\"63355b1\" data-element_type=\"container\" data-settings=\"{&quot;background_background&quot;:&quot;classic&quot;,&quot;animation&quot;:&quot;fadeIn&quot;}\">\n\t\t\t\t\t<div class=\"e-con-inner\">\n\t\t<div class=\"elementor-element elementor-element-dd0dfd2 e-con-full e-flex e-con e-child\" data-id=\"dd0dfd2\" data-element_type=\"container\">\n\t\t\t\t<div class=\"elementor-element elementor-element-c15f00f elementor-view-default elementor-widget elementor-widget-icon\" data-id=\"c15f00f\" data-element_type=\"widget\" data-widget_type=\"icon.default\">\n\t\t\t\t<div class=\"elementor-widget-container\">\n\t\t\t\t\t\t\t<div class=\"elementor-icon-wrapper\">\n\t\t\t<div class=\"elementor-icon\">\n\t\t\t<svg xmlns=\"http:\/\/www.w3.org\/2000\/svg\" width=\"60\" height=\"60\" viewbox=\"0 0 60 60\" fill=\"none\"><path d=\"M28.5 10.6594V49.5H13.5V14.7L28.5 10.6594ZM33 49.5V9.975C33 7.78125 31.2188 6 29.025 6C28.6781 6 28.3313 6.04688 27.9938 6.14062L12.3281 10.35C10.3688 10.8844 9 12.6656 9 14.7V49.5H5.25C4.00312 49.5 3 50.5031 3 51.75C3 52.9969 4.00312 54 5.25 54H9H12H13.5H28.5H33V49.5ZM24 33C25.2375 33 26.25 31.65 26.25 30C26.25 28.35 25.2375 27 24 27C22.7625 27 21.75 28.35 21.75 30C21.75 31.65 22.7531 33 24 33ZM36 16.5H45.75C46.1625 16.5 46.5 16.8375 46.5 17.25V51.75C46.5 52.9969 47.5031 54 48.75 54H54.75C55.9969 54 57 52.9969 57 51.75C57 50.5031 55.9969 49.5 54.75 49.5H51V17.25C51 14.3531 48.6469 12 45.75 12H36V16.5Z\" fill=\"#D3A96C\"><\/path><\/svg>\t\t\t<\/div>\n\t\t<\/div>\n\t\t\t\t\t\t<\/div>\n\t\t\t\t<\/div>\n\t\t\t\t<div class=\"elementor-element elementor-element-69b9f0e elementor-widget elementor-widget-heading\" data-id=\"69b9f0e\" data-element_type=\"widget\" data-widget_type=\"heading.default\">\n\t\t\t\t<div class=\"elementor-widget-container\">\n\t\t\t\t\t<h2 class=\"elementor-heading-title elementor-size-default\">OPEN 24\/7<\/h2>\t\t\t\t<\/div>\n\t\t\t\t<\/div>\n\t\t\t\t<\/div>\n\t\t<div class=\"elementor-element elementor-element-797bbfa e-con-full e-flex e-con e-child\" data-id=\"797bbfa\" data-element_type=\"container\">\n\t\t\t\t<div class=\"elementor-element elementor-element-fb2865d elementor-view-default elementor-widget elementor-widget-icon\" data-id=\"fb2865d\" data-element_type=\"widget\" data-widget_type=\"icon.default\">\n\t\t\t\t<div class=\"elementor-widget-container\">\n\t\t\t\t\t\t\t<div class=\"elementor-icon-wrapper\">\n\t\t\t<div class=\"elementor-icon\">\n\t\t\t<svg xmlns=\"http:\/\/www.w3.org\/2000\/svg\" width=\"61\" height=\"60\" viewbox=\"0 0 61 60\" fill=\"none\"><g clip-path=\"url(#clip0_3415_367)\"><path d=\"M12.6667 14.25C12.6667 11.3531 15.0199 9 17.9167 9H19.4167C22.3136 9 24.6667 11.3531 24.6667 14.25V27.75H36.6667V14.25C36.6667 11.3531 39.0199 9 41.9167 9H43.4167C46.3136 9 48.6667 11.3531 48.6667 14.25V15.75H50.9167C53.8136 15.75 56.1667 18.1031 56.1667 21V27.75H58.4167C59.6636 27.75 60.6667 28.7531 60.6667 30C60.6667 31.2469 59.6636 32.25 58.4167 32.25H56.1667V39C56.1667 41.8969 53.8136 44.25 50.9167 44.25H48.6667V45.75C48.6667 48.6469 46.3136 51 43.4167 51H41.9167C39.0199 51 36.6667 48.6469 36.6667 45.75V32.25H24.6667V45.75C24.6667 48.6469 22.3136 51 19.4167 51H17.9167C15.0199 51 12.6667 48.6469 12.6667 45.75V44.25H10.4167C7.51987 44.25 5.16675 41.8969 5.16675 39V32.25H2.91675C1.66987 32.25 0.666748 31.2469 0.666748 30C0.666748 28.7531 1.66987 27.75 2.91675 27.75H5.16675V21C5.16675 18.1031 7.51987 15.75 10.4167 15.75H12.6667V14.25ZM17.1667 15.75V18V42V44.25V45.75C17.1667 46.1625 17.5042 46.5 17.9167 46.5H19.4167C19.8292 46.5 20.1667 46.1625 20.1667 45.75V14.25C20.1667 13.8375 19.8292 13.5 19.4167 13.5H17.9167C17.5042 13.5 17.1667 13.8375 17.1667 14.25V15.75ZM12.6667 20.25H10.4167C10.0042 20.25 9.66675 20.5875 9.66675 21V39C9.66675 39.4125 10.0042 39.75 10.4167 39.75H12.6667V20.25ZM44.1667 42V18V15.75V14.25C44.1667 13.8375 43.8292 13.5 43.4167 13.5H41.9167C41.5042 13.5 41.1667 13.8375 41.1667 14.25V45.75C41.1667 46.1625 41.5042 46.5 41.9167 46.5H43.4167C43.8292 46.5 44.1667 46.1625 44.1667 45.75V44.25V42ZM50.9167 39.75C51.3292 39.75 51.6667 39.4125 51.6667 39V21C51.6667 20.5875 51.3292 20.25 50.9167 20.25H48.6667V39.75H50.9167Z\" fill=\"#D3A96C\"><\/path><\/g><defs><clippath id=\"clip0_3415_367\"><rect width=\"60\" height=\"60\" fill=\"white\" transform=\"translate(0.666748)\"><\/rect><\/clippath><\/defs><\/svg>\t\t\t<\/div>\n\t\t<\/div>\n\t\t\t\t\t\t<\/div>\n\t\t\t\t<\/div>\n\t\t\t\t<div class=\"elementor-element elementor-element-8c4c361 elementor-widget elementor-widget-heading\" data-id=\"8c4c361\" data-element_type=\"widget\" data-widget_type=\"heading.default\">\n\t\t\t\t<div class=\"elementor-widget-container\">\n\t\t\t\t\t<h2 class=\"elementor-heading-title elementor-size-default\">STRENGTH EQUIPMENT<\/h2>\t\t\t\t<\/div>\n\t\t\t\t<\/div>\n\t\t\t\t<\/div>\n\t\t<div class=\"elementor-element elementor-element-ad8fb7b e-con-full e-flex e-con e-child\" data-id=\"ad8fb7b\" data-element_type=\"container\">\n\t\t\t\t<div class=\"elementor-element elementor-element-cb2e8dd elementor-view-default elementor-widget elementor-widget-icon\" data-id=\"cb2e8dd\" data-element_type=\"widget\" data-widget_type=\"icon.default\">\n\t\t\t\t<div class=\"elementor-widget-container\">\n\t\t\t\t\t\t\t<div class=\"elementor-icon-wrapper\">\n\t\t\t<div class=\"elementor-icon\">\n\t\t\t<svg xmlns=\"http:\/\/www.w3.org\/2000\/svg\" width=\"60\" height=\"60\" viewbox=\"0 0 60 60\" fill=\"none\"><path d=\"M40.5 15C41.6935 15 42.8381 14.5259 43.682 13.682C44.5259 12.8381 45 11.6935 45 10.5C45 9.30653 44.5259 8.16193 43.682 7.31802C42.8381 6.47411 41.6935 6 40.5 6C39.3065 6 38.1619 6.47411 37.318 7.31802C36.4741 8.16193 36 9.30653 36 10.5C36 11.6935 36.4741 12.8381 37.318 13.682C38.1619 14.5259 39.3065 15 40.5 15ZM31.9969 16.1812C30.6844 15.8531 29.3063 15.8531 27.9938 16.1812L27.825 16.2281C26.5781 16.5375 25.425 17.1375 24.4594 17.9719L20.2875 21.5531C19.3406 22.3594 19.2375 23.7844 20.0438 24.7219C20.85 25.6594 22.275 25.7719 23.2125 24.9656L27.3844 21.3844C27.825 21.0094 28.35 20.7375 28.9125 20.5969L29.0812 20.55C29.6812 20.4 30.3 20.4 30.9 20.55L31.7063 20.7469L28.6406 29.9344C27.8438 32.325 28.8563 34.9406 31.05 36.1687L39.3 40.8094L36.1031 51.075C35.7281 52.2656 36.3937 53.5219 37.5844 53.8969C38.775 54.2719 40.0312 53.6063 40.4062 52.4156L43.7812 41.5781C44.3063 39.8906 43.5844 38.0625 42.0375 37.1906L39.0281 35.5031L41.6625 27.5906L42.1875 29.2969C42.8719 31.5 44.9062 33 47.2125 33H51.75C52.9969 33 54 31.9969 54 30.75C54 29.5031 52.9969 28.5 51.75 28.5H47.2125C46.8844 28.5 46.5938 28.2844 46.5 27.975L44.6531 21.9562C44.1094 20.2031 42.6937 18.8531 40.9125 18.4031L32.0062 16.1812H31.9969ZM38.6344 22.4813L35.0437 33.2625L33.2625 32.2594C32.9531 32.0813 32.8031 31.7063 32.9156 31.3688L36.0938 21.8438L38.6344 22.4813ZM26.4844 35.7281L24.6937 40.5H17.25C16.0031 40.5 15 41.5031 15 42.75C15 43.9969 16.0031 45 17.25 45H25.2094C26.775 45 28.1719 44.0344 28.7156 42.5719L30.0375 39.0469L29.5781 38.7844C28.2563 38.0344 27.1969 36.975 26.4844 35.7281ZM7.5 14.9813C6.675 14.9813 6 15.6562 6 16.4813C6 17.3063 6.675 17.9813 7.5 17.9813H19.5C20.325 17.9813 21 17.3063 21 16.4813C21 15.6562 20.325 14.9813 19.5 14.9813H7.5ZM6 22.4813C6 23.3062 6.675 23.9813 7.5 23.9813H13.5C14.325 23.9813 15 23.3062 15 22.4813C15 21.6562 14.325 20.9813 13.5 20.9813H7.5C6.675 20.9813 6 21.6562 6 22.4813ZM7.5 26.9813C6.675 26.9813 6 27.6562 6 28.4813C6 29.3062 6.675 29.9813 7.5 29.9813H19.5C20.325 29.9813 21 29.3062 21 28.4813C21 27.6562 20.325 26.9813 19.5 26.9813H7.5Z\" fill=\"#D3A96C\"><\/path><\/svg>\t\t\t<\/div>\n\t\t<\/div>\n\t\t\t\t\t\t<\/div>\n\t\t\t\t<\/div>\n\t\t\t\t<div class=\"elementor-element elementor-element-de485b7 elementor-widget elementor-widget-heading\" data-id=\"de485b7\" data-element_type=\"widget\" data-widget_type=\"heading.default\">\n\t\t\t\t<div class=\"elementor-widget-container\">\n\t\t\t\t\t<h2 class=\"elementor-heading-title elementor-size-default\">CARDIO MACHINES<\/h2>\t\t\t\t<\/div>\n\t\t\t\t<\/div>\n\t\t\t\t<\/div>\n\t\t<div class=\"elementor-element elementor-element-ce1611b e-con-full e-flex e-con e-child\" data-id=\"ce1611b\" data-element_type=\"container\">\n\t\t\t\t<div class=\"elementor-element elementor-element-e6c3e9e elementor-view-default elementor-widget elementor-widget-icon\" data-id=\"e6c3e9e\" data-element_type=\"widget\" data-widget_type=\"icon.default\">\n\t\t\t\t<div class=\"elementor-widget-container\">\n\t\t\t\t\t\t\t<div class=\"elementor-icon-wrapper\">\n\t\t\t<div class=\"elementor-icon\">\n\t\t\t<svg xmlns=\"http:\/\/www.w3.org\/2000\/svg\" width=\"61\" height=\"60\" viewbox=\"0 0 61 60\" fill=\"none\"><path d=\"M49.8334 30C49.8334 24.8283 47.7789 19.8684 44.122 16.2114C40.465 12.5545 35.5051 10.5 30.3334 10.5C25.1617 10.5 20.2018 12.5545 16.5448 16.2114C12.8878 19.8684 10.8334 24.8283 10.8334 30C10.8334 35.1717 12.8878 40.1316 16.5448 43.7886C20.2018 47.4455 25.1617 49.5 30.3334 49.5C35.5051 49.5 40.465 47.4455 44.122 43.7886C47.7789 40.1316 49.8334 35.1717 49.8334 30ZM6.33337 30C6.33337 23.6348 8.86194 17.5303 13.3628 13.0294C17.8637 8.52856 23.9682 6 30.3334 6C36.6986 6 42.8031 8.52856 47.3039 13.0294C51.8048 17.5303 54.3334 23.6348 54.3334 30C54.3334 36.3652 51.8048 42.4697 47.3039 46.9706C42.8031 51.4714 36.6986 54 30.3334 54C23.9682 54 17.8637 51.4714 13.3628 46.9706C8.86194 42.4697 6.33337 36.3652 6.33337 30ZM26.5834 31.5H32.5834C35.0677 31.5 37.0834 29.4844 37.0834 27C37.0834 24.5156 35.0677 22.5 32.5834 22.5H26.5834V31.5ZM32.5834 36H26.5834V39.75C26.5834 40.9969 25.5802 42 24.3334 42C23.0865 42 22.0834 40.9969 22.0834 39.75V33.75V21C22.0834 19.3406 23.424 18 25.0834 18H32.5834C37.5521 18 41.5834 22.0312 41.5834 27C41.5834 31.9688 37.5521 36 32.5834 36Z\" fill=\"#D3A96C\"><\/path><\/svg>\t\t\t<\/div>\n\t\t<\/div>\n\t\t\t\t\t\t<\/div>\n\t\t\t\t<\/div>\n\t\t\t\t<div class=\"elementor-element elementor-element-f192f5b elementor-widget elementor-widget-heading\" data-id=\"f192f5b\" data-element_type=\"widget\" data-widget_type=\"heading.default\">\n\t\t\t\t<div class=\"elementor-widget-container\">\n\t\t\t\t\t<h2 class=\"elementor-heading-title elementor-size-default\">FREE PARKING<\/h2>\t\t\t\t<\/div>\n\t\t\t\t<\/div>\n\t\t\t\t<\/div>\n\t\t\t\t\t<\/div>\n\t\t\t\t<\/div>\n\t\t\t\t\t<\/div>\n\t\t\t\t<\/div>\n\t\t<div class=\"elementor-element elementor-element-a451e7d e-flex e-con-boxed e-con e-parent\" data-id=\"a451e7d\" data-element_type=\"container\">\n\t\t\t\t\t<div class=\"e-con-inner\">\n\t\t\t\t<div class=\"elementor-element elementor-element-8209e35 elementor-widget elementor-widget-heading\" data-id=\"8209e35\" data-element_type=\"widget\" data-widget_type=\"heading.default\">\n\t\t\t\t<div class=\"elementor-widget-container\">\n\t\t\t\t\t<h1 class=\"elementor-heading-title elementor-size-default\">Potrebuje\u0161 hitro re\u0161itev, da namesto skodelice in nogavic podari\u0161 nekaj uporabnega?<\/h1>\t\t\t\t<\/div>\n\t\t\t\t<\/div>\n\t\t\t\t<div class=\"elementor-element elementor-element-5daa10e elementor-widget elementor-widget-text-editor\" data-id=\"5daa10e\" data-element_type=\"widget\" data-widget_type=\"text-editor.default\">\n\t\t\t\t<div class=\"elementor-widget-container\">\n\t\t\t\t\t\t\t\t\t<p>Podari na\u0161 darilni bon, ki ga po pla\u010dilu prejme\u0161 v PDF obliki na svoj elektronski naslov. Bon je oblikovan tako, da se pri obojestranskem tisku obe strani lepo pokrijeta.<\/p><p>Najni\u017eja vrednost posameznega bona je 10,00 \u20ac.<\/p>\t\t\t\t\t\t\t\t<\/div>\n\t\t\t\t<\/div>\n\t\t\t\t\t<\/div>\n\t\t\t\t<\/div>\n\t\t<div class=\"elementor-element elementor-element-84cc092 e-flex e-con-boxed e-con e-parent\" data-id=\"84cc092\" data-element_type=\"container\">\n\t\t\t\t\t<div class=\"e-con-inner\">\n\t\t\t\t<div class=\"elementor-element elementor-element-9bb6774 elementor-widget__width-initial elementor-button-align-stretch elementor-widget elementor-widget-form\" data-id=\"9bb6774\" data-element_type=\"widget\" data-settings=\"{&quot;step_next_label&quot;:&quot;Next&quot;,&quot;step_previous_label&quot;:&quot;Previous&quot;,&quot;button_width&quot;:&quot;100&quot;,&quot;step_type&quot;:&quot;number_text&quot;,&quot;step_icon_shape&quot;:&quot;circle&quot;}\" data-widget_type=\"form.default\">\n\t\t\t\t<div class=\"elementor-widget-container\">\n\t\t\t\t\t\t\t<form class=\"elementor-form\" method=\"post\" name=\"New Form\" aria-label=\"New Form\" action=\"\">\n\t\t\t<input type=\"hidden\" name=\"post_id\" value=\"2028\"\/>\n\t\t\t<input type=\"hidden\" name=\"form_id\" value=\"9bb6774\"\/>\n\t\t\t<input type=\"hidden\" name=\"referer_title\" value=\"Darilni boni - Gara\u017ea Gym\" \/>\n\n\t\t\t\t\t\t\t<input type=\"hidden\" name=\"queried_id\" value=\"2028\"\/>\n\t\t\t\n\t\t\t<div class=\"elementor-form-fields-wrapper elementor-labels-above\">\n\t\t\t\t\t\t\t\t<div class=\"elementor-field-type-email elementor-field-group elementor-column elementor-field-group-name elementor-col-100 elementor-field-required elementor-mark-required\">\n\t\t\t\t\t\t\t\t\t\t\t\t\t<input size=\"1\" type=\"email\" name=\"form_fields[name]\" id=\"form-field-name\" class=\"elementor-field elementor-size-sm  elementor-field-textual\" placeholder=\"Elektronski naslov\" required=\"required\">\n\t\t\t\t\t\t\t\t\t\t\t<\/div>\n\t\t\t\t\t\t\t\t<div class=\"elementor-field-type-acceptance elementor-field-group elementor-column elementor-field-group-field_5fa1964 elementor-col-100 elementor-field-required elementor-mark-required\">\n\t\t\t\t\t\t\t<div class=\"elementor-field-subgroup\">\n\t\t\t<span class=\"elementor-field-option\">\n\t\t\t\t<input type=\"checkbox\" name=\"form_fields[field_5fa1964]\" id=\"form-field-field_5fa1964\" class=\"elementor-field elementor-size-sm  elementor-acceptance-field\" required=\"required\">\n\t\t\t\t<label for=\"form-field-field_5fa1964\">Strinjam se z <a href=\"https:\/\/garazagym.com\/en\/pogoji-poslovanja\/\">splo\u0161nimi pogoji uporabe<\/a><\/label>\t\t\t<\/span>\n\t\t<\/div>\n\t\t\t\t\t\t<\/div>\n\t\t\t\t\t\t\t\t<div class=\"elementor-field-type-acceptance elementor-field-group elementor-column elementor-field-group-field_9780ea6 elementor-col-100 elementor-field-required elementor-mark-required\">\n\t\t\t\t\t\t\t<div class=\"elementor-field-subgroup\">\n\t\t\t<span class=\"elementor-field-option\">\n\t\t\t\t<input type=\"checkbox\" name=\"form_fields[field_9780ea6]\" id=\"form-field-field_9780ea6\" class=\"elementor-field elementor-size-sm  elementor-acceptance-field\" required=\"required\">\n\t\t\t\t<label for=\"form-field-field_9780ea6\">Strinjam se z obve\u0161\u010danjem o aktualnih ponudbah in akcijah<\/label>\t\t\t<\/span>\n\t\t<\/div>\n\t\t\t\t\t\t<\/div>\n\t\t\t\t\t\t\t\t<div class=\"elementor-field-group elementor-column elementor-field-type-submit elementor-col-100 e-form__buttons\">\n\t\t\t\t\t<button class=\"elementor-button elementor-size-sm\" type=\"submit\">\n\t\t\t\t\t\t<span class=\"elementor-button-content-wrapper\">\n\t\t\t\t\t\t\t\t\t\t\t\t\t\t\t\t\t\t\t\t\t\t<span class=\"elementor-button-text\">KUPI BON<\/span>\n\t\t\t\t\t\t\t\t\t\t\t\t\t<\/span>\n\t\t\t\t\t<\/button>\n\t\t\t\t<\/div>\n\t\t\t<\/div>\n\t\t<input type=\"hidden\" name=\"trp-form-language\" value=\"en\"\/><\/form>\n\t\t\t\t\t\t<\/div>\n\t\t\t\t<\/div>\n\t\t\t\t\t<\/div>\n\t\t\t\t<\/div>\n\t\t\t\t<\/div>","protected":false},"excerpt":{"rendered":"<p>ODPRTO 24\/7 NAJSODOBNEJ\u0160A NAPRAVE CARDIO IN FUNKCIONALNI DEL BREZPLA\u010cNO PARKIRI\u0160\u010cE Potrebuje\u0161 hitro re\u0161itev, da namesto skodelice in nogavic podari\u0161 nekaj uporabnega? Podari na\u0161 darilni bon, ki ga po pla\u010dilu prejme\u0161 v PDF obliki na svoj elektronski naslov. Bon je oblikovan tako, da se pri obojestranskem tisku obe strani lepo pokrijeta. Najni\u017eja vrednost posameznega bona je [&hellip;]<\/p>","protected":false},"author":1,"featured_media":0,"parent":0,"menu_order":0,"comment_status":"closed","ping_status":"closed","template":"elementor_header_footer","meta":{"footnotes":""},"class_list":["post-2028","page","type-page","status-publish","hentry"],"_links":{"self":[{"href":"https:\/\/garazagym.com\/en\/wp-json\/wp\/v2\/pages\/2028","targetHints":{"allow":["GET"]}}],"collection":[{"href":"https:\/\/garazagym.com\/en\/wp-json\/wp\/v2\/pages"}],"about":[{"href":"https:\/\/garazagym.com\/en\/wp-json\/wp\/v2\/types\/page"}],"author":[{"embeddable":true,"href":"https:\/\/garazagym.com\/en\/wp-json\/wp\/v2\/users\/1"}],"replies":[{"embeddable":true,"href":"https:\/\/garazagym.com\/en\/wp-json\/wp\/v2\/comments?post=2028"}],"version-history":[{"count":19,"href":"https:\/\/garazagym.com\/en\/wp-json\/wp\/v2\/pages\/2028\/revisions"}],"predecessor-version":[{"id":2077,"href":"https:\/\/garazagym.com\/en\/wp-json\/wp\/v2\/pages\/2028\/revisions\/2077"}],"wp:attachment":[{"href":"https:\/\/garazagym.com\/en\/wp-json\/wp\/v2\/media?parent=2028"}],"curies":[{"name":"wp","href":"https:\/\/api.w.org\/{rel}","templated":true}]}}